{"id":6789,"date":"2018-06-03T20:14:00","date_gmt":"2018-06-03T19:14:00","guid":{"rendered":"https:\/\/test.webtiq.pl\/?page_id=6789"},"modified":"2022-11-18T09:55:36","modified_gmt":"2022-11-18T08:55:36","slug":"polityka-danych-osobowych","status":"publish","type":"page","link":"https:\/\/test.webtiq.pl\/en\/polityka-danych-osobowych\/","title":{"rendered":"Personal data policy"},"content":{"rendered":"\n\t\t<div id=\"fws_69e6519e5e25e\"  data-column-margin=\"default\" data-midnight=\"dark\" data-top-percent=\"7%\" data-bottom-percent=\"7%\"  class=\"wpb_row vc_row-fluid vc_row full-width-section\"  style=\"padding-top: calc(100vw * 0.07); padding-bottom: calc(100vw * 0.07); \"><div class=\"row-bg-wrap\" data-bg-animation=\"none\" data-bg-animation-delay=\"\" data-bg-overlay=\"false\"><div class=\"inner-wrap row-bg-layer\" ><div class=\"row-bg viewport-desktop\"  style=\"\"><\/div><\/div><\/div><div class=\"row_col_wrap_12 col span_12 dark left\">\n\t<div  class=\"vc_col-sm-8 wpb_column column_container vc_column_container col padding-2-percent\"  data-padding-pos=\"all\" data-has-bg-color=\"false\" data-bg-color=\"\" data-bg-opacity=\"1\" data-animation=\"\" data-delay=\"0\" >\n\t\t<div class=\"vc_column-inner\" >\n\t\t\t<div class=\"wpb_wrapper\">\n\t\t\t\t<div class=\"toggles accordion\" data-br=\"\" data-starting=\"default\" data-style=\"minimal\"><div class=\"toggle default\" data-inner-wrap=\"true\"><h3 class=\"toggle-title\"><a href=\"#\" role=\"button\" class=\"toggle-heading\"><i role=\"presentation\" class=\"fa fa-plus-circle\"><\/i>1. Kto jest administratorem Pa\u0144stwa danych osobowych?<\/a><\/h3><div><div class=\"inner-toggle-wrap\">\n<div class=\"wpb_text_column wpb_content_element \" >\n\t<div class=\"wpb_wrapper\">\n\t\t<p>Administratorem danych osobowych (dalej \u201e<strong>Dane<\/strong>\u201d) przetwarzanych przez nas w zwi\u0105zku z prowadzeniem dzia\u0142alno\u015bci gospodarczej jest sp\u00f3\u0142ka \u201eAneks Polska sp\u00f3\u0142ka z ograniczon\u0105 odpowiedzialno\u015bci\u0105\u201d z siedzib\u0105 w Jaworznie przy ul. M\u0142ynarskiej 5 (43-600), zwana dalej <strong>Administratorem<\/strong> lub <strong>Aneks Polska<\/strong>.<\/p>\n<p>Dane s\u0105 przetwarzane zgodnie z aktualnie obowi\u0105zuj\u0105cymi przepisami w tym Og\u00f3lnym Rozporz\u0105dzeniem o Ochronie Danych Osobowych (RODO)<a href=\"#_ftn1\" name=\"_ftnref1\">[1]<\/a>.<\/p>\n<p>Dane oznaczaj\u0105 wszelkie informacje o zidentyfikowanej lub mo\u017cliwej do zidentyfikowania osobie fizycznej. Mo\u017cliwa do zidentyfikowania osoba fizyczna to osoba, kt\u00f3r\u0105 mo\u017cna bezpo\u015brednio lub po\u015brednio zidentyfikowa\u0107, w szczeg\u00f3lno\u015bci na podstawie identyfikatora takiego jak imi\u0119 i nazwisko, numer identyfikacyjny, dane o lokalizacji, identyfikator internetowy lub jeden b\u0105d\u017a kilka szczeg\u00f3lnych czynnik\u00f3w okre\u015blaj\u0105cych fizyczn\u0105, fizjologiczn\u0105, genetyczn\u0105, psychiczn\u0105, ekonomiczn\u0105, kulturow\u0105 lub spo\u0142eczn\u0105 to\u017csamo\u015b\u0107 osoby fizycznej.<\/p>\n<p><a href=\"#_ftnref1\" name=\"_ftn1\">[1]<\/a> Rozporz\u0105dzenie Parlamentu Europejskiego i Rady 2016\/679 z dnia 27 kwietnia 2016 r. w sprawie ochrony os\u00f3b fizycznych w zwi\u0105zku z przetwarzaniem danych osobowych i w sprawie swobodnego przep\u0142ywu takich danych oraz uchylenia dyrektywy 95\/46\/WE<\/p>\n\t<\/div>\n<\/div>\n\n\n\n<\/div><\/div><\/div><div class=\"toggle default\" data-inner-wrap=\"true\"><h3 class=\"toggle-title\"><a href=\"#\" role=\"button\" class=\"toggle-heading\"><i role=\"presentation\" class=\"fa fa-plus-circle\"><\/i>2. Jak przetwarzamy Dane?<\/a><\/h3><div><div class=\"inner-toggle-wrap\">\n<div class=\"wpb_text_column wpb_content_element \" >\n\t<div class=\"wpb_wrapper\">\n\t\t<p>Aneks Polska dok\u0142ada szczeg\u00f3lnej staranno\u015bci w celu ochrony interes\u00f3w os\u00f3b, kt\u00f3rych Dane dotycz\u0105, a w szczeg\u00f3lno\u015bci zapewnia, \u017ce zbierane Dane s\u0105:<\/p>\n<ul>\n<li>przetwarzane zgodnie z prawem, rzetelnie i w spos\u00f3b przejrzysty dla osoby, kt\u00f3rej Dane dotycz\u0105;<\/li>\n<li>zbierane w konkretnych, wyra\u017anych i prawnie uzasadnionych celach i nieprzetwarzane dalej w spos\u00f3b niezgodny z tymi celami;<\/li>\n<li>adekwatne, stosowne oraz ograniczone do tego, co niezb\u0119dne do cel\u00f3w, w kt\u00f3rych s\u0105 przetwarzane;<\/li>\n<li>prawid\u0142owe i w razie potrzeby uaktualniane;<\/li>\n<li>przechowywane w formie umo\u017cliwiaj\u0105cej identyfikacj\u0119 osoby, kt\u00f3rej Dane dotycz\u0105, przez okres nie d\u0142u\u017cszy, ni\u017c jest to niezb\u0119dne do cel\u00f3w, w kt\u00f3rych Dane te s\u0105 przetwarzane;<\/li>\n<li>przetwarzane w spos\u00f3b zapewniaj\u0105cy odpowiednie bezpiecze\u0144stwo Danych, w tym ochron\u0119 przed niedozwolonym lub niezgodnym z prawem przetwarzaniem oraz przypadkow\u0105 utrat\u0105, zniszczeniem lub uszkodzeniem, za pomoc\u0105 odpowiednich \u015brodk\u00f3w technicznych lub organizacyjnych.<\/li>\n<\/ul>\n\t<\/div>\n<\/div>\n\n\n\n<\/div><\/div><\/div><div class=\"toggle default\" data-inner-wrap=\"true\"><h3 class=\"toggle-title\"><a href=\"#\" role=\"button\" class=\"toggle-heading\"><i role=\"presentation\" class=\"fa fa-plus-circle\"><\/i>3. Kiedy przetwarzamy Dane?<\/a><\/h3><div><div class=\"inner-toggle-wrap\">\n<div class=\"wpb_text_column wpb_content_element \" >\n\t<div class=\"wpb_wrapper\">\n\t\t<p>Dane przetwarzamy w wielu sytuacjach. Mog\u0105 by\u0107 to sytuacje, w kt\u00f3rych udost\u0119pnili nam Pa\u0144stwo swoje Dane osobi\u015bcie za po\u015brednictwem r\u00f3\u017cnych kana\u0142\u00f3w komunikacji (np. z\u0142o\u017cenia swojej aplikacji, skierowania zapytania \/ oferty mailowo lub telefonicznie) lub w ramach naszej wsp\u00f3\u0142pracy podczas podpisywania lub realizowania umowy, ale tak\u017ce wtedy, gdy pozyskali\u015bmy Pa\u0144stwa Dane z innych \u017ar\u00f3de\u0142 (np. od firmy, z kt\u00f3r\u0105 Pa\u0144stwo wsp\u00f3\u0142pracuj\u0105, a kt\u00f3ra jest naszym kontrahentem \/ klientem).<\/p>\n\t<\/div>\n<\/div>\n\n\n\n<\/div><\/div><\/div><div class=\"toggle default\" data-inner-wrap=\"true\"><h3 class=\"toggle-title\"><a href=\"#\" role=\"button\" class=\"toggle-heading\"><i role=\"presentation\" class=\"fa fa-plus-circle\"><\/i>4. Przetwarzanie Danych w zwi\u0105zku z relacjami biznesowymi i kontaktem.<\/a><\/h3><div><div class=\"inner-toggle-wrap\">\n<div class=\"wpb_text_column wpb_content_element \" >\n\t<div class=\"wpb_wrapper\">\n\t\t<h4>a. Jakie Dane przetwarzamy w zwi\u0105zku z relacjami biznesowymi i kontaktem?<\/h4>\n<p>Jako Administrator przetwarzamy Dane naszych partner\u00f3w biznesowych (inwestor\u00f3w, podwykonawc\u00f3w, kontrahent\u00f3w), ich pracownik\u00f3w \/ wsp\u00f3\u0142pracownik\u00f3w, Dane innych os\u00f3b przekazane nam w ramach realizacji um\u00f3w, a tak\u017ce innych os\u00f3b nawi\u0105zuj\u0105cych kontakt z nami za po\u015brednictwem telefonu lub poczty elektronicznej.<\/p>\n<p>W zwi\u0105zku z relacjami biznesowymi i kontaktem mo\u017cemy przetwarza\u0107 nast\u0119puj\u0105ce Dane: Dane identyfikacyjne, Dane teleadresowe, Dane dotycz\u0105ce stanowiska pracy i uprawnie\u0144 zawodowych oraz inne Dane przekazane nam w zwi\u0105zku ze wsp\u00f3\u0142prac\u0105 lub kontaktem.<\/p>\n<p>Powy\u017csze Dane pozyskujemy bezpo\u015brednio od os\u00f3b, kt\u00f3rych Dane dotycz\u0105, a tak\u017ce od innych os\u00f3b, np. od ich pracodawc\u00f3w \/ zleceniodawc\u00f3w.<\/p>\n<h4>b. Jaki jest cel i podstawa przetwarzania Danych w zwi\u0105zku z relacjami biznesowymi i\u00a0kontaktem?<\/h4>\n<p>W zwi\u0105zku z relacjami biznesowymi i kontaktem przetwarzamy Dane w nast\u0119puj\u0105cych celach:<\/p>\n<ul>\n<li>nawi\u0105zania wsp\u00f3\u0142pracy;<\/li>\n<li>zawarcia i wykonywania umowy;<\/li>\n<li>rozliczenia um\u00f3w;<\/li>\n<li>udzielenia odpowiedzi na wszelkie skierowane zapytania lub wnioski oraz prowadzenie dalszej korespondencji \/ kontaktu w tym zakresie;<\/li>\n<li>marketingu i kontaktu w sprawie innych informacji i us\u0142ug Aneks Polska;<\/li>\n<li>obrony przed potencjalnymi roszczeniami, a tak\u017ce w celu ew. kierowania roszcze\u0144.<\/li>\n<\/ul>\n<p>Podstaw\u0105 przetwarzania Danych przez Aneks Polska jest:<\/p>\n<ul>\n<li>niezb\u0119dno\u015b\u0107 do wykonania umowy lub podj\u0119cia dzia\u0142a\u0144 przed jej zawarciem na \u017c\u0105danie osoby, kt\u00f3rej Dane dotycz\u0105;<\/li>\n<li>realizacja obowi\u0105zk\u00f3w prawnych na\u0142o\u017conych na Administratora;<\/li>\n<li>prawnie uzasadniony interes Administratora w postaci marketingu produkt\u00f3w i us\u0142ug Administratora lub strony trzeciej, kontaktu, w tym prowadzenia korespondencji oraz obrony przed potencjalnymi roszczeniami.<\/li>\n<\/ul>\n<p>Podanie Danych jest dobrowolne, jednak mo\u017ce okaza\u0107 si\u0119 niezb\u0119dne do zawarcia lub wykonania umowy lub do udzielenia odpowiedzi na skierowane zapytanie albo w celu prowadzenia korespondencji.<\/p>\n<h4><strong>c.<\/strong> Jak d\u0142ugo b\u0119d\u0105 przetwarzane Dane w zwi\u0105zku z relacjami biznesowymi i kontaktem?<\/h4>\n<p>Dane zebrane w celach zawarcia i wykonania umowy b\u0119d\u0105 przetwarzane przez okres trwania umowy, a nast\u0119pnie do chwili up\u0142ywu okresu przedawnienia ewentualnych roszcze\u0144.<\/p>\n<p>Dane os\u00f3b, kt\u00f3re skontaktowa\u0142y si\u0119 z Aneks Polska b\u0119d\u0105 przetwarzane przez okres niezb\u0119dny do udzielenia odpowiedzi i ew. prowadzenia korespondencji, a nast\u0119pnie do chwili up\u0142ywu okresu przedawnienia ewentualnych roszcze\u0144.<\/p>\n<h4><strong>d.<\/strong> Kto jest odbiorc\u0105 Danych w zwi\u0105zku z relacjami biznesowymi i kontaktem?<\/h4>\n<p>Dane przetwarzane przez nas w zwi\u0105zku z relacjami biznesowymi i kontaktem mog\u0105 by\u0107 przekazywane sp\u00f3\u0142kom powi\u0105zanym z Aneks Polska, naszym partnerom biznesowym oraz innym naszym kontrahentom wspieraj\u0105cym nas w organizacji pracy, us\u0142ug IT i marketingu.<\/p>\n\t<\/div>\n<\/div>\n\n\n\n<\/div><\/div><\/div><div class=\"toggle default\" data-inner-wrap=\"true\"><h3 class=\"toggle-title\"><a href=\"#\" role=\"button\" class=\"toggle-heading\"><i role=\"presentation\" class=\"fa fa-plus-circle\"><\/i>5. Przetwarzanie Danych w zwi\u0105zku z rekrutacj\u0105.<\/a><\/h3><div><div class=\"inner-toggle-wrap\">\n<div class=\"wpb_text_column wpb_content_element \" >\n\t<div class=\"wpb_wrapper\">\n\t\t<h4><strong>a. Jakie Dane przetwarzamy w zwi\u0105zku z rekrutacj\u0105?<\/strong><\/h4>\n<p><strong>\u00a0<\/strong>Jako Administrator przetwarzamy Dane os\u00f3b ubiegaj\u0105cych si\u0119 o zatrudnienie przekazane wszelkimi dost\u0119pnymi kana\u0142ami rekrutacji, w tym w szczeg\u00f3lno\u015bci przetwarzamy wszelkie Dane przekazane nam w ramach aplikacji oraz zebrane w ramach procesu rekrutacji.<\/p>\n<p>W zwi\u0105zku z rekrutacj\u0105 mo\u017cemy przetwarza\u0107 nast\u0119puj\u0105ce Dane (przetwarzanie niekt\u00f3rych Danych mo\u017ce zale\u017ce\u0107 od wyra\u017cenia przez Pa\u0144stwa zgody): Dane identyfikacyjne, Dane teleadresowe, Dane dotycz\u0105ce wykszta\u0142cenia, Dane dotycz\u0105ce umiej\u0119tno\u015bci i dotychczasowego zatrudnienia, Dane dotycz\u0105ce uprawie\u0144 oraz inne Dane przekazane nam w trakcie procesu rekrutacji.<\/p>\n<p><strong>b. Jaki jest cel i podstawa przetwarzania Danych w zwi\u0105zku z rekrutacj\u0105?<\/strong><\/p>\n<p>W zwi\u0105zku z rekrutacj\u0105 przetwarzamy Dane w nast\u0119puj\u0105cych celach:<\/p>\n<ul>\n<li>rozpatrzenia kandydatury i realizacji procesu rekrutacji, a w przypadku wyra\u017cenia zgody, tak\u017ce dla potrzeb przysz\u0142ych rekrutacji lub rekrutacji w sp\u00f3\u0142kach powi\u0105zanych z Aneks Polska;<\/li>\n<li>obrony przed potencjalnymi roszczeniami, a tak\u017ce w celu ew. kierowania roszcze\u0144.<\/li>\n<\/ul>\n<p>Podstaw\u0105 przetwarzania Danych przez Administratora s\u0105 przepisy obowi\u0105zuj\u0105cego prawa, w szczeg\u00f3lno\u015bci Kodeksu pracy oraz akt\u00f3w wykonawczych, a w zakresie szerszym ni\u017c okre\u015blony w tych przepisach oraz w zakresie przysz\u0142ych rekrutacji, Pa\u0144stwa zgoda.<\/p>\n<p>Podanie Danych jest dobrowolne, jednak niezb\u0119dne do przeprowadzenia procesu rekrutacji i\u00a0nawi\u0105zania ewentualnej dalszej wsp\u00f3\u0142pracy.<\/p>\n<p><strong>c. Jak d\u0142ugo b\u0119d\u0105 przetwarzane Dane w zwi\u0105zku z rekrutacj\u0105?<\/strong><\/p>\n<p>Dane b\u0119d\u0105 przetwarzane w celach okre\u015blonych powy\u017cej przez okres trwania procesu rekrutacyjnego lub przysz\u0142ych rekrutacji, a nast\u0119pnie do chwili up\u0142ywu okresu przedawnienia ewentualnych roszcze\u0144.<\/p>\n<h4><strong>d. Kto jest odbiorc\u0105 Danych w zwi\u0105zku z rekrutacj\u0105?<\/strong><\/h4>\n<p>Dane przetwarzane przez nas w zwi\u0105zku z rekrutacj\u0105 mog\u0105 by\u0107 przekazywane innym sp\u00f3\u0142kom powi\u0105zanym z Aneks Polska oraz podmiotom wspieraj\u0105cym nas w procesie rekrutacji oraz \u015bwiadcz\u0105cym na nasz\u0105 rzecz us\u0142ugi IT.<\/p>\n\t<\/div>\n<\/div>\n\n\n\n<\/div><\/div><\/div><div class=\"toggle default\" data-inner-wrap=\"true\"><h3 class=\"toggle-title\"><a href=\"#\" role=\"button\" class=\"toggle-heading\"><i role=\"presentation\" class=\"fa fa-plus-circle\"><\/i>6. Czy Pa\u0144stwa Dane trafiaj\u0105 poza Europejski Obszar Gospodarczy (EOG)?<\/a><\/h3><div><div class=\"inner-toggle-wrap\">\n<div class=\"wpb_text_column wpb_content_element \" >\n\t<div class=\"wpb_wrapper\">\n\t\t<p>Pa\u0144stwa Dane nie trafiaj\u0105 poza obszar Europejskiego Obszaru Gospodarczego, a je\u015bli w przysz\u0142o\u015bci mia\u0142oby doj\u015b\u0107 do transferu do miejsca poza terytorium EOG, Aneks Polska podejmuje odpowiednie kroki w celu zapewnienia ochrony Danych, w szczeg\u00f3lno\u015bci poprzez:<\/p>\n<ul>\n<li>stosowanie okre\u015blonych klauzul umownych zwanych \u201estandardowymi klauzulami umownymi\u201d, kt\u00f3re zosta\u0142y zatwierdzone przez Komisj\u0119 Europejsk\u0105; lub<\/li>\n<li>transfer do kraj\u00f3w, co do kt\u00f3rych Komisja Europejska wyda\u0142a decyzj\u0119 stwierdzaj\u0105c\u0105 odpowiedni stopie\u0144 ochrony.<\/li>\n<\/ul>\n\t<\/div>\n<\/div>\n\n\n\n<\/div><\/div><\/div><div class=\"toggle default\" data-inner-wrap=\"true\"><h3 class=\"toggle-title\"><a href=\"#\" role=\"button\" class=\"toggle-heading\"><i role=\"presentation\" class=\"fa fa-plus-circle\"><\/i>7. Jakie uprawnienia Pa\u0144stwu przys\u0142uguj\u0105?<\/a><\/h3><div><div class=\"inner-toggle-wrap\">\n<div class=\"wpb_text_column wpb_content_element \" >\n\t<div class=\"wpb_wrapper\">\n\t\t<p>Na zasadach okre\u015blonych obowi\u0105zuj\u0105cymi przepisami przys\u0142uguje Pa\u0144stwu prawo:<\/p>\n<ul>\n<li>dost\u0119pu do Danych, w tym prawo uzyskania ich kopi;<\/li>\n<li>\u017c\u0105dania ich sprostowania, usuni\u0119cia lub ograniczenia przetwarzania;<\/li>\n<li>wniesienia sprzeciwu wobec przetwarzania;<\/li>\n<li>przenoszenia ich do innego administratora (w zakresie, w jakim podstaw\u0105 ich przetwarzania jest niezb\u0119dno\u015b\u0107 do wykonania umowy lub Pa\u0144stwa zgoda).<\/li>\n<\/ul>\n<p>Je\u017celi przetwarzanie Danych odbywa si\u0119 na podstawie zgody, maj\u0105 Pa\u0144stwo prawo do jej cofni\u0119cia w dowolnym momencie bez wp\u0142ywu na zgodno\u015b\u0107 z prawem przetwarzania, kt\u00f3rego dokonano na podstawie zgody przed jej cofni\u0119ciem<strong>.<\/strong><\/p>\n<p>Zawsze przys\u0142uguje Pa\u0144stwu r\u00f3wnie\u017c prawo wniesienia skargi do Prezesa Urz\u0119du Ochrony Danych Osobowych.<\/p>\n\t<\/div>\n<\/div>\n\n\n\n<\/div><\/div><\/div><div class=\"toggle default\" data-inner-wrap=\"true\"><h3 class=\"toggle-title\"><a href=\"#\" role=\"button\" class=\"toggle-heading\"><i role=\"presentation\" class=\"fa fa-plus-circle\"><\/i>8. Kontakt:<\/a><\/h3><div><div class=\"inner-toggle-wrap\">\n<div class=\"wpb_text_column wpb_content_element \" >\n\t<div class=\"wpb_wrapper\">\n\t\t<p>Mog\u0105 si\u0119 Pa\u0144stwo skontaktowa\u0107 z \u201eAneks Polska sp\u00f3\u0142ka z ograniczon\u0105 odpowiedzialno\u015bci\u0105\u201d\u00a0 pod adresem e-mail: kontakt@test.webtiq.pl lub pod telefonem + 48 32\u00a0745 40 10.<\/p>\n\t<\/div>\n<\/div>\n\n\n\n<\/div><\/div><\/div><\/div>\n\n\n\n\n\n\n\n\n\n\n\n\n\n\n\n\n\n\n\n\n\t\t\t<\/div> \n\t\t<\/div>\n\t<\/div> \n\n\t<div  class=\"vc_col-sm-4 wpb_column column_container vc_column_container col padding-2-percent\"  data-padding-pos=\"all\" data-has-bg-color=\"false\" data-bg-color=\"\" data-bg-opacity=\"1\" data-animation=\"\" data-delay=\"0\" >\n\t\t<div class=\"vc_column-inner\" >\n\t\t\t<div class=\"wpb_wrapper\">\n\t\t\t\t<h3 style=\"font-size: 24px;color: #dd0202;text-align: left;font-family:Exo;font-weight:600;font-style:normal\" class=\"vc_custom_heading vc_do_custom_heading\" >Polityka danych osobowych<\/h3>\n<div class=\"wpb_text_column wpb_content_element  vc_custom_1528055087098\" >\n\t<div class=\"wpb_wrapper\">\n\t\t<p>W zwi\u0105zku z wprowadzeniem Og\u00f3lnego Rozporz\u0105dzenia o Ochronie Danych Osobowych (RODO), przedstawiamy Pa\u0144stwu polityk\u0119 sp\u00f3\u0142ki w tym zakresie.<\/p>\n<p>Jest ona dost\u0119pna dla Pa\u0144stwa w formie pyta\u0144 i odpowiedzi, kt\u00f3re powinny pokry\u0107 najwa\u017cniejsze kwestie dotycz\u0105ce przetwarzania danych osobowych. Je\u017celi nie znale\u017ali Pa\u0144stwo odpowiedzi na swoje pytanie zach\u0119camy do kontaktu mailowego na adres kontakt@test.webtiq.pl. Dzi\u0119kuj\u0119my.<\/p>\n\t<\/div>\n<\/div>\n\n\n\n\n\t\t\t<\/div> \n\t\t<\/div>\n\t<\/div> \n<\/div><\/div>\n","protected":false},"excerpt":{"rendered":"1. Kto jest administratorem Pa\u0144stwa danych osobowych? Administratorem danych osobowych (dalej \u201eDane\u201d) przetwarzanych przez nas w zwi\u0105zku z prowadzeniem dzia\u0142alno\u015bci gospodarczej jest sp\u00f3\u0142ka \u201eAneks Polska sp\u00f3\u0142ka z ograniczon\u0105 odpowiedzialno\u015bci\u0105\u201d z...","protected":false},"author":1,"featured_media":0,"parent":0,"menu_order":0,"comment_status":"closed","ping_status":"closed","template":"","meta":{"footnotes":""},"class_list":["post-6789","page","type-page","status-publish"],"_links":{"self":[{"href":"https:\/\/test.webtiq.pl\/en\/wp-json\/wp\/v2\/pages\/6789","targetHints":{"allow":["GET"]}}],"collection":[{"href":"https:\/\/test.webtiq.pl\/en\/wp-json\/wp\/v2\/pages"}],"about":[{"href":"https:\/\/test.webtiq.pl\/en\/wp-json\/wp\/v2\/types\/page"}],"author":[{"embeddable":true,"href":"https:\/\/test.webtiq.pl\/en\/wp-json\/wp\/v2\/users\/1"}],"replies":[{"embeddable":true,"href":"https:\/\/test.webtiq.pl\/en\/wp-json\/wp\/v2\/comments?post=6789"}],"version-history":[{"count":12,"href":"https:\/\/test.webtiq.pl\/en\/wp-json\/wp\/v2\/pages\/6789\/revisions"}],"predecessor-version":[{"id":6859,"href":"https:\/\/test.webtiq.pl\/en\/wp-json\/wp\/v2\/pages\/6789\/revisions\/6859"}],"wp:attachment":[{"href":"https:\/\/test.webtiq.pl\/en\/wp-json\/wp\/v2\/media?parent=6789"}],"curies":[{"name":"wp","href":"https:\/\/api.w.org\/{rel}","templated":true}]}}