{"id":6293,"date":"2017-05-04T12:01:50","date_gmt":"2017-05-04T12:01:50","guid":{"rendered":"https:\/\/test.webtiq.pl\/?page_id=6293"},"modified":"2018-06-03T20:38:02","modified_gmt":"2018-06-03T19:38:02","slug":"kontakt","status":"publish","type":"page","link":"https:\/\/test.webtiq.pl\/en\/kontakt\/","title":{"rendered":"Contact"},"content":{"rendered":"<div id=\"fws_69e6519e5978d\"  data-column-margin=\"default\" data-midnight=\"dark\"  class=\"wpb_row vc_row-fluid vc_row\"  style=\"padding-top: 0px; padding-bottom: 0px; \"><div class=\"row-bg-wrap\" data-bg-animation=\"none\" data-bg-animation-delay=\"\" data-bg-overlay=\"false\"><div class=\"inner-wrap row-bg-layer\" ><div class=\"row-bg viewport-desktop using-bg-color\"  style=\"background-color: #ffffff; \"><\/div><\/div><\/div><div class=\"row_col_wrap_12 col span_12 dark left\">\n\t<div  class=\"vc_col-sm-6 wpb_column column_container vc_column_container col no-extra-padding\"  data-padding-pos=\"all\" data-has-bg-color=\"false\" data-bg-color=\"\" data-bg-opacity=\"1\" data-animation=\"\" data-delay=\"0\" >\n\t\t<div class=\"vc_column-inner\" >\n\t\t\t<div class=\"wpb_wrapper\">\n\t\t\t\t<div id=\"map_69e6519e59c81\" style=\"height: 750px;\" class=\"nectar-google-map\" data-infowindow-start-open=\"\" data-dark-color-scheme=\"\" data-marker-style=\"default\" data-nectar-marker-color=\"accent-color\" data-ultra-flat=\"\" data-greyscale=\"\" data-extra-color=\"\" data-enable-animation=\"1\" data-enable-zoom=\"1\" data-zoom-level=\"12\" data-center-lat=\"50.192\" data-center-lng=\"19.254\" data-marker-img=\"\"><\/div><div class=\"map_69e6519e59c81 map-marker-list\"><div class=\"map-marker\" data-marker-image-width=\"50\" data-marker-image-height=\"50\" data-lat=\"50.192\" data-lng=\"19.254\" data-mapinfo=\"ANEKS Polska<br \/>\"><\/div><div class=\"map-marker\" data-marker-image-width=\"50\" data-marker-image-height=\"50\" data-lat=\"\" data-lng=\"\" data-mapinfo=\"\"><\/div><\/div>\n\t\t\t<\/div> \n\t\t<\/div>\n\t<\/div> \n\n\t<div  class=\"vc_col-sm-6 wpb_column column_container vc_column_container col padding-7-percent\"  data-padding-pos=\"all\" data-has-bg-color=\"false\" data-bg-color=\"\" data-bg-opacity=\"1\" data-animation=\"\" data-delay=\"0\" >\n\t\t<div class=\"vc_column-inner\" >\n\t\t\t<div class=\"wpb_wrapper\">\n\t\t\t\t\n<div class=\"wpb_text_column wpb_content_element\" >\n\t<div class=\"wpb_wrapper\">\n\t\t<h3><strong>Contact us:<\/strong><\/h3>\n<p>Below you will find detailed information about our location. If you are interested in working with us - click the \u201cWork\u201d tab and check what offers we have for you.<\/p>\n<h4><strong>Headquaters:<\/strong><\/h4>\n<p>Aneks Polska<br \/>\nM\u0142ynarska 5 (warehouse 1), M\u0142ynarska 8 (warehouse 2)<br \/>\n43-600 Jaworzno<br \/>\nPhone: + 48 32\u00a0745 40 10<br \/>\n<a href=\"mailto:contact@test.webtiq.pl\">kontakt@test.webtiq.pl<\/a><\/p>\n\t<\/div>\n<\/div>\n\n\n\n\n\t\t\t<\/div> \n\t\t<\/div>\n\t<\/div> \n<\/div><\/div>","protected":false},"excerpt":{"rendered":"Kontakt z nami: Poni\u017cej znajdziesz szczeg\u00f3\u0142owe informacje dotycz\u0105ce naszej lokalizacji. Je\u015bli jeste\u015b zainteresowany prac\u0105 z nami - kliknij zak\u0142adk\u0119 Praca i sprawd\u017a jakie mamy dla Ciebie oferty. Siedziba: Aneks Polska...","protected":false},"author":1,"featured_media":0,"parent":0,"menu_order":0,"comment_status":"closed","ping_status":"closed","template":"","meta":{"footnotes":""},"class_list":["post-6293","page","type-page","status-publish"],"_links":{"self":[{"href":"https:\/\/test.webtiq.pl\/en\/wp-json\/wp\/v2\/pages\/6293","targetHints":{"allow":["GET"]}}],"collection":[{"href":"https:\/\/test.webtiq.pl\/en\/wp-json\/wp\/v2\/pages"}],"about":[{"href":"https:\/\/test.webtiq.pl\/en\/wp-json\/wp\/v2\/types\/page"}],"author":[{"embeddable":true,"href":"https:\/\/test.webtiq.pl\/en\/wp-json\/wp\/v2\/users\/1"}],"replies":[{"embeddable":true,"href":"https:\/\/test.webtiq.pl\/en\/wp-json\/wp\/v2\/comments?post=6293"}],"version-history":[{"count":38,"href":"https:\/\/test.webtiq.pl\/en\/wp-json\/wp\/v2\/pages\/6293\/revisions"}],"predecessor-version":[{"id":6680,"href":"https:\/\/test.webtiq.pl\/en\/wp-json\/wp\/v2\/pages\/6293\/revisions\/6680"}],"wp:attachment":[{"href":"https:\/\/test.webtiq.pl\/en\/wp-json\/wp\/v2\/media?parent=6293"}],"curies":[{"name":"wp","href":"https:\/\/api.w.org\/{rel}","templated":true}]}}