{"id":6291,"date":"2017-05-04T12:01:32","date_gmt":"2017-05-04T12:01:32","guid":{"rendered":"https:\/\/test.webtiq.pl\/?page_id=6291"},"modified":"2018-05-17T15:49:55","modified_gmt":"2018-05-17T14:49:55","slug":"praca","status":"publish","type":"page","link":"https:\/\/test.webtiq.pl\/en\/praca\/","title":{"rendered":"Work with us"},"content":{"rendered":"<div id=\"fws_69e651b35ed5b\"  data-column-margin=\"default\" data-midnight=\"dark\" data-top-percent=\"3%\" data-bottom-percent=\"2%\"  class=\"wpb_row vc_row-fluid vc_row full-width-section\"  style=\"padding-top: calc(100vw * 0.03); padding-bottom: calc(100vw * 0.02); \"><div class=\"row-bg-wrap\" data-bg-animation=\"none\" data-bg-animation-delay=\"\" data-bg-overlay=\"false\"><div class=\"inner-wrap row-bg-layer\" ><div class=\"row-bg viewport-desktop using-bg-color\"  style=\"background-color: #ffffff; \"><\/div><\/div><\/div><div class=\"row_col_wrap_12 col span_12 dark left\">\n\t<div  class=\"vc_col-sm-12 wpb_column column_container vc_column_container col padding-1-percent\"  data-padding-pos=\"all\" data-has-bg-color=\"false\" data-bg-color=\"\" data-bg-opacity=\"1\" data-animation=\"\" data-delay=\"0\" >\n\t\t<div class=\"vc_column-inner\" >\n\t\t\t<div class=\"wpb_wrapper\">\n\t\t\t\t<h3 style=\"text-align: left;font-family:Exo;font-weight:700;font-style:normal\" class=\"vc_custom_heading vc_do_custom_heading\" >It's worth to work with us<\/h3><div class=\"divider-wrap\" data-alignment=\"default\"><div style=\"margin-top: 12.5px; width: 100px; height: 3px; margin-bottom: 12.5px;\" data-width=\"100px\" data-animate=\"yes\" data-animation-delay=\"\" data-color=\"accent-color\" class=\"divider-small-border\"><\/div><\/div>\n\t\t\t<\/div> \n\t\t<\/div>\n\t<\/div> \n<\/div><\/div>\n\t\t<div id=\"fws_69e651b35f66e\"  data-column-margin=\"default\" data-midnight=\"dark\" data-top-percent=\"3%\" data-bottom-percent=\"3%\"  class=\"wpb_row vc_row-fluid vc_row full-width-section\"  style=\"padding-top: calc(100vw * 0.03); padding-bottom: calc(100vw * 0.03); \"><div class=\"row-bg-wrap\" data-bg-animation=\"none\" data-bg-animation-delay=\"\" data-bg-overlay=\"false\"><div class=\"inner-wrap row-bg-layer\" ><div class=\"row-bg viewport-desktop using-bg-color\"  style=\"background-color: #f9f9f9; \"><\/div><\/div><\/div><div class=\"row_col_wrap_12 col span_12 dark left\">\n\t<div  class=\"vc_col-sm-7 wpb_column column_container vc_column_container col padding-1-percent\"  data-padding-pos=\"all\" data-has-bg-color=\"false\" data-bg-color=\"\" data-bg-opacity=\"1\" data-animation=\"\" data-delay=\"0\" >\n\t\t<div class=\"vc_column-inner\" >\n\t\t\t<div class=\"wpb_wrapper\">\n\t\t\t\t\n<div class=\"wpb_text_column wpb_content_element\" >\n\t<div class=\"wpb_wrapper\">\n\t\t<p>Skilled and committed employees are our most valuable asset. We currently employ almost 500 people in production, confectioning, in warehouses and administration departments.<\/p>\n<p>Work at ANEKS Polska is a chance to develop in a company with an established position. We provide our employees with stable employment, attractive pay and a number of non-wage benefits and bonuses.<\/p>\n<p>Check the current recruitment processes or send your CV with a cover letter and we will contact you if a position that matches your competences and interests is available.<\/p>\n\t<\/div>\n<\/div>\n\n\n\n\n\t\t\t<\/div> \n\t\t<\/div>\n\t<\/div> \n\n\t<div  class=\"vc_col-sm-1 wpb_column column_container vc_column_container col no-extra-padding\"  data-padding-pos=\"all\" data-has-bg-color=\"false\" data-bg-color=\"\" data-bg-opacity=\"1\" data-animation=\"\" data-delay=\"0\" >\n\t\t<div class=\"vc_column-inner\" >\n\t\t\t<div class=\"wpb_wrapper\">\n\t\t\t\t\n\t\t\t<\/div> \n\t\t<\/div>\n\t<\/div> \n\n\t<div  class=\"vc_col-sm-4 wpb_column column_container vc_column_container col padding-1-percent\"  data-padding-pos=\"all\" data-has-bg-color=\"false\" data-bg-color=\"\" data-bg-opacity=\"1\" data-animation=\"\" data-delay=\"0\" >\n\t\t<div class=\"vc_column-inner\" >\n\t\t\t<div class=\"wpb_wrapper\">\n\t\t\t\t<h3 style=\"color: #dd0b0b;text-align: left\" class=\"vc_custom_heading vc_do_custom_heading\" >Current job offers:<\/h3><div class=\"divider-wrap\" data-alignment=\"default\"><div style=\"height: 15px;\" class=\"divider\"><\/div><\/div><div class=\"divider-wrap\" data-alignment=\"default\"><div style=\"height: 15px;\" class=\"divider\"><\/div><\/div>\n<div class=\"wpb_text_column wpb_content_element\" >\n\t<div class=\"wpb_wrapper\">\n\t\t<p>We are continuously recruiting production employees.<br \/>\nWe encourage you to send your CV to:\u00a0<strong>praca@test.webtiq.pl<\/strong><\/p>\n<p>Please enclose a clause expressing consent to the processing of personal data for current and future recruitment processes in your CV.<\/p>\n\t<\/div>\n<\/div>\n\n\n\n\n\t\t\t<\/div> \n\t\t<\/div>\n\t<\/div> \n<\/div><\/div>\n\t\t<div id=\"fws_69e651b360344\"  data-column-margin=\"default\" data-midnight=\"dark\" data-top-percent=\"5%\"  class=\"wpb_row vc_row-fluid vc_row full-width-section\"  style=\"padding-top: calc(100vw * 0.05); padding-bottom: 0px; \"><div class=\"row-bg-wrap\" data-bg-animation=\"none\" data-bg-animation-delay=\"\" data-bg-overlay=\"false\"><div class=\"inner-wrap row-bg-layer\" ><div class=\"row-bg viewport-desktop\"  style=\"\"><\/div><\/div><\/div><div class=\"row_col_wrap_12 col span_12 dark left\">\n\t<div  class=\"vc_col-sm-12 vc_hidden-sm vc_hidden-xs wpb_column column_container vc_column_container col no-extra-padding\"  data-padding-pos=\"all\" data-has-bg-color=\"false\" data-bg-color=\"\" data-bg-opacity=\"1\" data-animation=\"\" data-delay=\"0\" >\n\t\t<div class=\"vc_column-inner\" >\n\t\t\t<div class=\"wpb_wrapper\">\n\t\t\t\t\n\t<div class=\"wpb_gallery wpb_content_element clearfix\">\n\t\t<div class=\"wpb_wrapper\"><div class=\"wpb_gallery_slidesflickity_style\" data-onclick=\"link_no\" data-interval=\"5\"><div class=\"nectar-flickity not-initialized\"  data-touch-icon-color=\"default\" data-stagger=\"\" data-drag-scale=\"\" data-overflow=\"hidden\" data-wrap=\"wrap\" data-spacing=\"\" data-shadow=\"none\" data-autoplay=\"true\" data-autoplay-dur=\"8000\" data-free-scroll=\"\" data-controls=\"none\" data-desktop-columns=\"2\" data-small-desktop-columns=\"1\" data-tablet-columns=\"1\" data-phone-columns=\"default\"><div class=\"flickity-viewport\"> <div class=\"flickity-slider\"><div class=\"cell\" data-lazy=\"false\"><img decoding=\"async\" class=\"skip-lazy nectar-lazy\" src=\"https:\/\/test.webtiq.pl\/wp-content\/uploads\/2018\/02\/p1-600x400.jpg\" width=\"600\" height=\"400\" alt=\"Produkcja wk\u0142adek\" title=\"p1\" loading=\"lazy\" \/><\/div><div class=\"cell\" data-lazy=\"false\"><img decoding=\"async\" class=\"skip-lazy nectar-lazy\" src=\"https:\/\/test.webtiq.pl\/wp-content\/uploads\/2018\/02\/pr2-600x400.jpg\" width=\"600\" height=\"400\" alt=\"Maszyna do produkcji\" title=\"pr2\" loading=\"lazy\" \/><\/div><div class=\"cell\" data-lazy=\"false\"><img decoding=\"async\" class=\"skip-lazy nectar-lazy\" src=\"https:\/\/test.webtiq.pl\/wp-content\/uploads\/2018\/02\/pr4-600x400.jpg\" width=\"600\" height=\"400\" alt=\"Posortowane wk\u0142adki\" title=\"pr4\" loading=\"lazy\" \/><\/div><div class=\"cell\" data-lazy=\"false\"><img decoding=\"async\" class=\"skip-lazy nectar-lazy\" src=\"https:\/\/test.webtiq.pl\/wp-content\/uploads\/2018\/02\/pr3-600x400.jpg\" width=\"600\" height=\"400\" alt=\"Maszyna do produkcji\" title=\"pr3\" loading=\"lazy\" \/><\/div><\/div><\/div><\/div><\/div>\n\t\t<\/div> \n\t<\/div> \n\t\t\t<\/div> \n\t\t<\/div>\n\t<\/div> \n<\/div><\/div>\n\t\t<div id=\"fws_69e651b361701\"  data-column-margin=\"default\" data-midnight=\"dark\"  class=\"wpb_row vc_row-fluid vc_row\"  style=\"padding-top: 0px; padding-bottom: 0px; \"><div class=\"row-bg-wrap\" data-bg-animation=\"none\" data-bg-animation-delay=\"\" data-bg-overlay=\"false\"><div class=\"inner-wrap row-bg-layer\" ><div class=\"row-bg viewport-desktop\"  style=\"\"><\/div><\/div><\/div><div class=\"row_col_wrap_12 col span_12 dark left\">\n\t<div  class=\"vc_col-sm-12 wpb_column column_container vc_column_container col no-extra-padding\"  data-padding-pos=\"all\" data-has-bg-color=\"false\" data-bg-color=\"\" data-bg-opacity=\"1\" data-animation=\"\" data-delay=\"0\" >\n\t\t<div class=\"vc_column-inner\" >\n\t\t\t<div class=\"wpb_wrapper\">\n\t\t\t\t<div class=\"divider-wrap\" data-alignment=\"default\"><div style=\"height: 50px;\" class=\"divider\"><\/div><\/div>\n\t\t\t<\/div> \n\t\t<\/div>\n\t<\/div> \n<\/div><\/div>","protected":false},"excerpt":{"rendered":"Dlaczego warto z Nami pracowa\u0107 Wykwalifikowani i zaanga\u017cowani pracownicy s\u0105 naszym najcenniejszym zasobem. Obecnie zatrudniamy niemal 500 os\u00f3b przy produkcji, konfekcjonowaniu, w magazynach oraz w dzia\u0142ach administracyjnych. Praca w ANEKS...","protected":false},"author":1,"featured_media":0,"parent":0,"menu_order":0,"comment_status":"closed","ping_status":"closed","template":"","meta":{"footnotes":""},"class_list":["post-6291","page","type-page","status-publish"],"_links":{"self":[{"href":"https:\/\/test.webtiq.pl\/en\/wp-json\/wp\/v2\/pages\/6291","targetHints":{"allow":["GET"]}}],"collection":[{"href":"https:\/\/test.webtiq.pl\/en\/wp-json\/wp\/v2\/pages"}],"about":[{"href":"https:\/\/test.webtiq.pl\/en\/wp-json\/wp\/v2\/types\/page"}],"author":[{"embeddable":true,"href":"https:\/\/test.webtiq.pl\/en\/wp-json\/wp\/v2\/users\/1"}],"replies":[{"embeddable":true,"href":"https:\/\/test.webtiq.pl\/en\/wp-json\/wp\/v2\/comments?post=6291"}],"version-history":[{"count":51,"href":"https:\/\/test.webtiq.pl\/en\/wp-json\/wp\/v2\/pages\/6291\/revisions"}],"predecessor-version":[{"id":6787,"href":"https:\/\/test.webtiq.pl\/en\/wp-json\/wp\/v2\/pages\/6291\/revisions\/6787"}],"wp:attachment":[{"href":"https:\/\/test.webtiq.pl\/en\/wp-json\/wp\/v2\/media?parent=6291"}],"curies":[{"name":"wp","href":"https:\/\/api.w.org\/{rel}","templated":true}]}}